{"id":2,"date":"2016-05-10T03:48:21","date_gmt":"2016-05-10T03:48:21","guid":{"rendered":"http:\/\/mks-medical.de\/?page_id=2"},"modified":"2020-06-16T13:45:12","modified_gmt":"2020-06-16T13:45:12","slug":"sample-page","status":"publish","type":"page","link":"https:\/\/mks-medical.de\/","title":{"rendered":"Herzlich Willkommen!"},"content":{"rendered":"\n<div class=\"wp-block-group\"><div class=\"wp-block-group__inner-container\">\n<h6>Mit unserer Einrichtung wollen wir die Qualit\u00e4t in der ambulanten Versorgung f\u00fcr alle B\u00fcrger in Ludwigshafen optimieren.<\/h6>\n\n\n\n<p><\/p>\n<\/div><\/div>\n\n\n\n<h6>Dadurch werden Komplikationen, die aufgrund von Missverst\u00e4ndnissen entstehen und oft auf nicht vorhandene Sprachkompetenzen zur\u00fcckzuf\u00fchren<br>sind, weitgehend vermieden.<\/h6>\n\n\n\n<p><\/p>\n\n\n\n<h6>Eine gezielte Information, Aufkl\u00e4rung, Beratung und Schulung sowohl bei der Pr\u00e4vention, in der Pflege aber auch in der Familienpflege f\u00fchrt zu einem anderen<br>Bewusstsein bei den Pflegeempf\u00e4ngern und ihren<br>Angeh\u00f6rigen.<\/h6>\n\n\n\n<figure class=\"wp-block-image size-large is-resized\"><img loading=\"lazy\" src=\"http:\/\/mks-medical.de\/wp-content\/uploads\/2020\/06\/Fotolia-17954443-Yuri-Arcurs.jpg\" alt=\"\" class=\"wp-image-8\" width=\"436\" height=\"265\" srcset=\"https:\/\/mks-medical.de\/wp-content\/uploads\/2020\/06\/Fotolia-17954443-Yuri-Arcurs.jpg 794w, https:\/\/mks-medical.de\/wp-content\/uploads\/2020\/06\/Fotolia-17954443-Yuri-Arcurs-300x182.jpg 300w, https:\/\/mks-medical.de\/wp-content\/uploads\/2020\/06\/Fotolia-17954443-Yuri-Arcurs-768x466.jpg 768w\" sizes=\"(max-width: 436px) 100vw, 436px\" \/><\/figure>\n","protected":false},"excerpt":{"rendered":"<p>Dadurch werden Komplikationen, die aufgrund von Missverst\u00e4ndnissen entstehen und oft auf nicht vorhandene Sprachkompetenzen zur\u00fcckzuf\u00fchrensind, weitgehend vermieden. Eine gezielte Information, Aufkl\u00e4rung, Beratung und Schulung sowohl bei der Pr\u00e4vention, in der<\/p>\n","protected":false},"author":1,"featured_media":0,"parent":0,"menu_order":0,"comment_status":"closed","ping_status":"open","template":"","meta":[],"_links":{"self":[{"href":"https:\/\/mks-medical.de\/index.php?rest_route=\/wp\/v2\/pages\/2"}],"collection":[{"href":"https:\/\/mks-medical.de\/index.php?rest_route=\/wp\/v2\/pages"}],"about":[{"href":"https:\/\/mks-medical.de\/index.php?rest_route=\/wp\/v2\/types\/page"}],"author":[{"embeddable":true,"href":"https:\/\/mks-medical.de\/index.php?rest_route=\/wp\/v2\/users\/1"}],"replies":[{"embeddable":true,"href":"https:\/\/mks-medical.de\/index.php?rest_route=%2Fwp%2Fv2%2Fcomments&post=2"}],"version-history":[{"count":15,"href":"https:\/\/mks-medical.de\/index.php?rest_route=\/wp\/v2\/pages\/2\/revisions"}],"predecessor-version":[{"id":137,"href":"https:\/\/mks-medical.de\/index.php?rest_route=\/wp\/v2\/pages\/2\/revisions\/137"}],"wp:attachment":[{"href":"https:\/\/mks-medical.de\/index.php?rest_route=%2Fwp%2Fv2%2Fmedia&parent=2"}],"curies":[{"name":"wp","href":"https:\/\/api.w.org\/{rel}","templated":true}]}}